{"id":28092,"date":"2021-09-17T03:39:49","date_gmt":"2021-09-17T03:39:49","guid":{"rendered":"https:\/\/wpbingosite.com\/wordpress\/ruper\/?page_id=28092"},"modified":"2024-05-22T23:31:29","modified_gmt":"2024-05-22T20:31:29","slug":"blog","status":"publish","type":"page","link":"https:\/\/deneme.bukkasoft.com\/en\/blog\/","title":{"rendered":"Blog"},"content":{"rendered":"<div data-elementor-type=\"wp-page\" data-elementor-id=\"28092\" class=\"elementor elementor-28092\" data-elementor-post-type=\"page\">\n\t\t\t\t<div class=\"elementor-element elementor-element-48892e3a e-flex e-con-boxed e-con e-parent\" data-id=\"48892e3a\" data-element_type=\"container\">\n\t\t\t\t\t<div class=\"e-con-inner\">\n\t\t\t\t<div class=\"elementor-element elementor-element-1890f732 elementor-grid-3 elementor-grid-tablet-2 elementor-grid-mobile-1 elementor-posts--thumbnail-top elementor-widget elementor-widget-posts\" data-id=\"1890f732\" data-element_type=\"widget\" data-settings=\"{&quot;classic_columns&quot;:&quot;3&quot;,&quot;classic_columns_tablet&quot;:&quot;2&quot;,&quot;classic_columns_mobile&quot;:&quot;1&quot;,&quot;classic_row_gap&quot;:{&quot;unit&quot;:&quot;px&quot;,&quot;size&quot;:35,&quot;sizes&quot;:[]},&quot;classic_row_gap_tablet&quot;:{&quot;unit&quot;:&quot;px&quot;,&quot;size&quot;:&quot;&quot;,&quot;sizes&quot;:[]},&quot;classic_row_gap_mobile&quot;:{&quot;unit&quot;:&quot;px&quot;,&quot;size&quot;:&quot;&quot;,&quot;sizes&quot;:[]}}\" data-widget_type=\"posts.classic\">\n\t\t\t\t<div class=\"elementor-widget-container\">\n\t\t\t\t\t\t\t<div class=\"elementor-posts-container elementor-posts elementor-posts--skin-classic elementor-grid\">\n\t\t\t\t<article class=\"elementor-post elementor-grid-item post-35691 post type-post status-publish format-standard has-post-thumbnail hentry category-blog\">\n\t\t\t\t<a class=\"elementor-post__thumbnail__link\" href=\"https:\/\/deneme.bukkasoft.com\/en\/cevreye-duyarli-ofis-mobilyalari-daha-temiz-bir-gelecek-icin\/\" tabindex=\"-1\" >\n\t\t\t<div class=\"elementor-post__thumbnail\"><img fetchpriority=\"high\" decoding=\"async\" width=\"1792\" height=\"2304\" src=\"https:\/\/deneme.bukkasoft.com\/wp-content\/uploads\/2024\/05\/BLOG-Cevreye-Duyarli-Ofis-Mobilyalari-02-Foto.jpg\" class=\"attachment-full size-full wp-image-35692\" alt=\"\" \/><\/div>\n\t\t<\/a>\n\t\t\t\t<div class=\"elementor-post__text\">\n\t\t\t\t<h3 class=\"elementor-post__title\">\n\t\t\t<a href=\"https:\/\/deneme.bukkasoft.com\/en\/cevreye-duyarli-ofis-mobilyalari-daha-temiz-bir-gelecek-icin\/\" >\n\t\t\t\t\u00c7evreye Duyarl\u0131 Ofis Mobilyalar\u0131: Daha Temiz Bir Gelecek \u0130\u00e7in\t\t\t<\/a>\n\t\t<\/h3>\n\t\t\n\t\t<a class=\"elementor-post__read-more\" href=\"https:\/\/deneme.bukkasoft.com\/en\/cevreye-duyarli-ofis-mobilyalari-daha-temiz-bir-gelecek-icin\/\" aria-label=\"Read more about \u00c7evreye Duyarl\u0131 Ofis Mobilyalar\u0131: Daha Temiz Bir Gelecek \u0130\u00e7in\" tabindex=\"-1\" >\n\t\t\tDetaylar \u00bb\t\t<\/a>\n\n\t\t\t\t<\/div>\n\t\t\t\t<\/article>\n\t\t\t\t<\/div>\n\t\t\n\t\t\t\t\t\t<\/div>\n\t\t\t\t<\/div>\n\t\t\t\t\t<\/div>\n\t\t\t\t<\/div>\n\t\t\t\t<\/div>","protected":false},"excerpt":{"rendered":"","protected":false},"author":1,"featured_media":0,"parent":0,"menu_order":0,"comment_status":"closed","ping_status":"closed","template":"","meta":{"footnotes":""},"_links":{"self":[{"href":"https:\/\/deneme.bukkasoft.com\/en\/wp-json\/wp\/v2\/pages\/28092"}],"collection":[{"href":"https:\/\/deneme.bukkasoft.com\/en\/wp-json\/wp\/v2\/pages"}],"about":[{"href":"https:\/\/deneme.bukkasoft.com\/en\/wp-json\/wp\/v2\/types\/page"}],"author":[{"embeddable":true,"href":"https:\/\/deneme.bukkasoft.com\/en\/wp-json\/wp\/v2\/users\/1"}],"replies":[{"embeddable":true,"href":"https:\/\/deneme.bukkasoft.com\/en\/wp-json\/wp\/v2\/comments?post=28092"}],"version-history":[{"count":3,"href":"https:\/\/deneme.bukkasoft.com\/en\/wp-json\/wp\/v2\/pages\/28092\/revisions"}],"predecessor-version":[{"id":35731,"href":"https:\/\/deneme.bukkasoft.com\/en\/wp-json\/wp\/v2\/pages\/28092\/revisions\/35731"}],"wp:attachment":[{"href":"https:\/\/deneme.bukkasoft.com\/en\/wp-json\/wp\/v2\/media?parent=28092"}],"curies":[{"name":"wp","href":"https:\/\/api.w.org\/{rel}","templated":true}]}}