{"id":33372,"date":"2024-01-18T15:08:26","date_gmt":"2024-01-18T12:08:26","guid":{"rendered":"https:\/\/deneme.bukkasoft.com\/?post_type=product&#038;p=33372"},"modified":"2024-05-23T00:00:29","modified_gmt":"2024-05-22T21:00:29","slug":"maisa-wood","status":"publish","type":"product","link":"https:\/\/deneme.bukkasoft.com\/en\/product\/maisa-wood\/","title":{"rendered":"Maisa Wood"},"content":{"rendered":"<div data-elementor-type=\"wp-post\" data-elementor-id=\"33372\" class=\"elementor elementor-33372\" data-elementor-post-type=\"product\">\n\t\t\t\t<div class=\"elementor-element elementor-element-9e50494 e-flex e-con-boxed e-con e-parent\" data-id=\"9e50494\" data-element_type=\"container\">\n\t\t\t\t\t<div class=\"e-con-inner\">\n\t\t\t\t<div class=\"elementor-element elementor-element-1258398 elementor-tabs-alignment-center elementor-tabs-view-horizontal elementor-widget elementor-widget-tabs\" data-id=\"1258398\" data-element_type=\"widget\" data-widget_type=\"tabs.default\">\n\t\t\t\t<div class=\"elementor-widget-container\">\n\t\t\t\t\t\t\t<div class=\"elementor-tabs\">\n\t\t\t<div class=\"elementor-tabs-wrapper\" role=\"tablist\" >\n\t\t\t\t\t\t\t\t\t<div id=\"elementor-tab-title-1921\" class=\"elementor-tab-title elementor-tab-desktop-title\" aria-selected=\"true\" data-tab=\"1\" role=\"tab\" tabindex=\"0\" aria-controls=\"elementor-tab-content-1921\" aria-expanded=\"false\">TEKN\u0130K B\u0130LG\u0130<\/div>\n\t\t\t\t\t\t\t\t\t<div id=\"elementor-tab-title-1922\" class=\"elementor-tab-title elementor-tab-desktop-title\" aria-selected=\"false\" data-tab=\"2\" role=\"tab\" tabindex=\"-1\" aria-controls=\"elementor-tab-content-1922\" aria-expanded=\"false\">MALZEMELER<\/div>\n\t\t\t\t\t\t\t\t\t<div id=\"elementor-tab-title-1923\" class=\"elementor-tab-title elementor-tab-desktop-title\" aria-selected=\"false\" data-tab=\"3\" role=\"tab\" tabindex=\"-1\" aria-controls=\"elementor-tab-content-1923\" aria-expanded=\"false\">DATA<\/div>\n\t\t\t\t\t\t\t<\/div>\n\t\t\t<div class=\"elementor-tabs-content-wrapper\" role=\"tablist\" aria-orientation=\"vertical\">\n\t\t\t\t\t\t\t\t\t<div class=\"elementor-tab-title elementor-tab-mobile-title\" aria-selected=\"true\" data-tab=\"1\" role=\"tab\" tabindex=\"0\" aria-controls=\"elementor-tab-content-1921\" aria-expanded=\"false\">TEKN\u0130K B\u0130LG\u0130<\/div>\n\t\t\t\t\t<div id=\"elementor-tab-content-1921\" class=\"elementor-tab-content elementor-clearfix\" data-tab=\"1\" role=\"tabpanel\" aria-labelledby=\"elementor-tab-title-1921\" tabindex=\"0\" hidden=\"false\"><\/div>\n\t\t\t\t\t\t\t\t\t<div class=\"elementor-tab-title elementor-tab-mobile-title\" aria-selected=\"false\" data-tab=\"2\" role=\"tab\" tabindex=\"-1\" aria-controls=\"elementor-tab-content-1922\" aria-expanded=\"false\">MALZEMELER<\/div>\n\t\t\t\t\t<div id=\"elementor-tab-content-1922\" class=\"elementor-tab-content elementor-clearfix\" data-tab=\"2\" role=\"tabpanel\" aria-labelledby=\"elementor-tab-title-1922\" tabindex=\"0\" hidden=\"hidden\"><img fetchpriority=\"high\" decoding=\"async\" width=\"2083\" height=\"4167\" class=\"alignnone size-medium wp-image-35741\" src=\"https:\/\/deneme.bukkasoft.com\/wp-content\/uploads\/2024\/05\/UstYonetici-Kartela-Maisa.png\"><\/div>\n\t\t\t\t\t\t\t\t\t<div class=\"elementor-tab-title elementor-tab-mobile-title\" aria-selected=\"false\" data-tab=\"3\" role=\"tab\" tabindex=\"-1\" aria-controls=\"elementor-tab-content-1923\" aria-expanded=\"false\">DATA<\/div>\n\t\t\t\t\t<div id=\"elementor-tab-content-1923\" class=\"elementor-tab-content elementor-clearfix\" data-tab=\"3\" role=\"tabpanel\" aria-labelledby=\"elementor-tab-title-1923\" tabindex=\"0\" hidden=\"hidden\"><\/div>\n\t\t\t\t\t\t\t<\/div>\n\t\t<\/div>\n\t\t\t\t\t\t<\/div>\n\t\t\t\t<\/div>\n\t\t\t\t\t<\/div>\n\t\t\t\t<\/div>\n\t\t\t\t<\/div>","protected":false},"excerpt":{"rendered":"<p class=\"p1\">\u0130\u015f yerinizin atmosferine zarafet ve fonksiyonellik katmak i\u00e7in Maisa Wood tam da arad\u0131\u011f\u0131n\u0131z \u015f\u0131kl\u0131\u011f\u0131 sunuyor. Masif cevizin s\u0131cakl\u0131\u011f\u0131, antrasit detaylar ise modern \u00e7izgilerle bulu\u015fuyor. Masan\u0131n y\u00fczeyi ve dolap kapaklar\u0131ndaki ah\u015fap detaylar, \u00e7al\u0131\u015fma alan\u0131n\u0131za do\u011fall\u0131\u011f\u0131n ve s\u0131cakl\u0131\u011f\u0131n keyfini getirirken, sa\u011flam ayaklar dayan\u0131kl\u0131l\u0131\u011f\u0131 temsil ediyor.<\/p>\n<p class=\"p1\">Ayr\u0131ca, Maisa Wood\u2019un \u00f6zellikleri aras\u0131nda bulunan \u00e7elik kasa, dayan\u0131kl\u0131l\u0131k ve g\u00fcvenlik sa\u011flarken, ses sistemi ile \u00e7al\u0131\u015fma ortam\u0131n\u0131z\u0131 daha verimli hale getirebilirsiniz. Kablosuz \u015farj \u00f6zelli\u011fi, kullan\u0131c\u0131lar\u0131n teknolojik cihazlar\u0131n\u0131 kolayca \u015farj etmelerine olanak tan\u0131rken, gizli b\u00f6lmeler de d\u00fczeninizi koruman\u0131za yard\u0131mc\u0131 olacak. Maisa Wood, estetik ve i\u015flevselli\u011fi bir araya getirerek i\u015f yerinizi modern ve kullan\u0131\u015fl\u0131 bir hale getiriyor.<\/p>","protected":false},"featured_media":33245,"template":"","meta":[],"product_cat":[15,145],"product_tag":[],"_links":{"self":[{"href":"https:\/\/deneme.bukkasoft.com\/en\/wp-json\/wp\/v2\/product\/33372"}],"collection":[{"href":"https:\/\/deneme.bukkasoft.com\/en\/wp-json\/wp\/v2\/product"}],"about":[{"href":"https:\/\/deneme.bukkasoft.com\/en\/wp-json\/wp\/v2\/types\/product"}],"version-history":[{"count":12,"href":"https:\/\/deneme.bukkasoft.com\/en\/wp-json\/wp\/v2\/product\/33372\/revisions"}],"predecessor-version":[{"id":35747,"href":"https:\/\/deneme.bukkasoft.com\/en\/wp-json\/wp\/v2\/product\/33372\/revisions\/35747"}],"wp:featuredmedia":[{"embeddable":true,"href":"https:\/\/deneme.bukkasoft.com\/en\/wp-json\/wp\/v2\/media\/33245"}],"wp:attachment":[{"href":"https:\/\/deneme.bukkasoft.com\/en\/wp-json\/wp\/v2\/media?parent=33372"}],"wp:term":[{"taxonomy":"product_cat","embeddable":true,"href":"https:\/\/deneme.bukkasoft.com\/en\/wp-json\/wp\/v2\/product_cat?post=33372"},{"taxonomy":"product_tag","embeddable":true,"href":"https:\/\/deneme.bukkasoft.com\/en\/wp-json\/wp\/v2\/product_tag?post=33372"}],"curies":[{"name":"wp","href":"https:\/\/api.w.org\/{rel}","templated":true}]}}