{"id":33375,"date":"2024-01-18T15:39:12","date_gmt":"2024-01-18T12:39:12","guid":{"rendered":"https:\/\/deneme.bukkasoft.com\/?post_type=product&#038;p=33375"},"modified":"2024-01-18T21:31:38","modified_gmt":"2024-01-18T18:31:38","slug":"era-plus","status":"publish","type":"product","link":"https:\/\/deneme.bukkasoft.com\/en\/product\/era-plus\/","title":{"rendered":"Era Plus"},"content":{"rendered":"<div data-elementor-type=\"wp-post\" data-elementor-id=\"33375\" class=\"elementor elementor-33375\" data-elementor-post-type=\"product\">\n\t\t\t\t<div class=\"elementor-element elementor-element-9e50494 e-flex e-con-boxed e-con e-parent\" data-id=\"9e50494\" data-element_type=\"container\">\n\t\t\t\t\t<div class=\"e-con-inner\">\n\t\t\t\t<div class=\"elementor-element elementor-element-1258398 elementor-tabs-alignment-center elementor-tabs-view-horizontal elementor-widget elementor-widget-tabs\" data-id=\"1258398\" data-element_type=\"widget\" data-widget_type=\"tabs.default\">\n\t\t\t\t<div class=\"elementor-widget-container\">\n\t\t\t\t\t\t\t<div class=\"elementor-tabs\">\n\t\t\t<div class=\"elementor-tabs-wrapper\" role=\"tablist\" >\n\t\t\t\t\t\t\t\t\t<div id=\"elementor-tab-title-1921\" class=\"elementor-tab-title elementor-tab-desktop-title\" aria-selected=\"true\" data-tab=\"1\" role=\"tab\" tabindex=\"0\" aria-controls=\"elementor-tab-content-1921\" aria-expanded=\"false\">TEKN\u0130K B\u0130LG\u0130<\/div>\n\t\t\t\t\t\t\t\t\t<div id=\"elementor-tab-title-1922\" class=\"elementor-tab-title elementor-tab-desktop-title\" aria-selected=\"false\" data-tab=\"2\" role=\"tab\" tabindex=\"-1\" aria-controls=\"elementor-tab-content-1922\" aria-expanded=\"false\">MALZEMELER<\/div>\n\t\t\t\t\t\t\t\t\t<div id=\"elementor-tab-title-1923\" class=\"elementor-tab-title elementor-tab-desktop-title\" aria-selected=\"false\" data-tab=\"3\" role=\"tab\" tabindex=\"-1\" aria-controls=\"elementor-tab-content-1923\" aria-expanded=\"false\">DATA<\/div>\n\t\t\t\t\t\t\t<\/div>\n\t\t\t<div class=\"elementor-tabs-content-wrapper\" role=\"tablist\" aria-orientation=\"vertical\">\n\t\t\t\t\t\t\t\t\t<div class=\"elementor-tab-title elementor-tab-mobile-title\" aria-selected=\"true\" data-tab=\"1\" role=\"tab\" tabindex=\"0\" aria-controls=\"elementor-tab-content-1921\" aria-expanded=\"false\">TEKN\u0130K B\u0130LG\u0130<\/div>\n\t\t\t\t\t<div id=\"elementor-tab-content-1921\" class=\"elementor-tab-content elementor-clearfix\" data-tab=\"1\" role=\"tabpanel\" aria-labelledby=\"elementor-tab-title-1921\" tabindex=\"0\" hidden=\"false\"><\/div>\n\t\t\t\t\t\t\t\t\t<div class=\"elementor-tab-title elementor-tab-mobile-title\" aria-selected=\"false\" data-tab=\"2\" role=\"tab\" tabindex=\"-1\" aria-controls=\"elementor-tab-content-1922\" aria-expanded=\"false\">MALZEMELER<\/div>\n\t\t\t\t\t<div id=\"elementor-tab-content-1922\" class=\"elementor-tab-content elementor-clearfix\" data-tab=\"2\" role=\"tabpanel\" aria-labelledby=\"elementor-tab-title-1922\" tabindex=\"0\" hidden=\"hidden\"><\/div>\n\t\t\t\t\t\t\t\t\t<div class=\"elementor-tab-title elementor-tab-mobile-title\" aria-selected=\"false\" data-tab=\"3\" role=\"tab\" tabindex=\"-1\" aria-controls=\"elementor-tab-content-1923\" aria-expanded=\"false\">DATA<\/div>\n\t\t\t\t\t<div id=\"elementor-tab-content-1923\" class=\"elementor-tab-content elementor-clearfix\" data-tab=\"3\" role=\"tabpanel\" aria-labelledby=\"elementor-tab-title-1923\" tabindex=\"0\" hidden=\"hidden\"><\/div>\n\t\t\t\t\t\t\t<\/div>\n\t\t<\/div>\n\t\t\t\t\t\t<\/div>\n\t\t\t\t<\/div>\n\t\t\t\t\t<\/div>\n\t\t\t\t<\/div>\n\t\t\t\t<\/div>","protected":false},"excerpt":{"rendered":"<p class=\"p1\">\u015e\u0131k ve modern par\u00e7alar ekleyerek Era \u00e7al\u0131\u015fma alan\u0131n\u0131z\u0131 geni\u015fletebilirsiniz.<\/p>","protected":false},"featured_media":33376,"template":"","meta":[],"product_cat":[15,146],"product_tag":[],"_links":{"self":[{"href":"https:\/\/deneme.bukkasoft.com\/en\/wp-json\/wp\/v2\/product\/33375"}],"collection":[{"href":"https:\/\/deneme.bukkasoft.com\/en\/wp-json\/wp\/v2\/product"}],"about":[{"href":"https:\/\/deneme.bukkasoft.com\/en\/wp-json\/wp\/v2\/types\/product"}],"version-history":[{"count":6,"href":"https:\/\/deneme.bukkasoft.com\/en\/wp-json\/wp\/v2\/product\/33375\/revisions"}],"predecessor-version":[{"id":33620,"href":"https:\/\/deneme.bukkasoft.com\/en\/wp-json\/wp\/v2\/product\/33375\/revisions\/33620"}],"wp:featuredmedia":[{"embeddable":true,"href":"https:\/\/deneme.bukkasoft.com\/en\/wp-json\/wp\/v2\/media\/33376"}],"wp:attachment":[{"href":"https:\/\/deneme.bukkasoft.com\/en\/wp-json\/wp\/v2\/media?parent=33375"}],"wp:term":[{"taxonomy":"product_cat","embeddable":true,"href":"https:\/\/deneme.bukkasoft.com\/en\/wp-json\/wp\/v2\/product_cat?post=33375"},{"taxonomy":"product_tag","embeddable":true,"href":"https:\/\/deneme.bukkasoft.com\/en\/wp-json\/wp\/v2\/product_tag?post=33375"}],"curies":[{"name":"wp","href":"https:\/\/api.w.org\/{rel}","templated":true}]}}